{"id":71,"date":"2012-06-27T18:03:08","date_gmt":"2012-06-27T18:03:08","guid":{"rendered":"http:\/\/solarverein-petersberg-marbach.de\/?page_id=71"},"modified":"2026-01-11T10:15:16","modified_gmt":"2026-01-11T10:15:16","slug":"aktuelles","status":"publish","type":"page","link":"http:\/\/solarverein-petersberg-marbach.de\/index.php\/aktuelles\/","title":{"rendered":"Aktuelles"},"content":{"rendered":"<h3>11.01.2026<\/h3>\n<p><a href=\"http:\/\/solarverein-petersberg-marbach.de\/wp-content\/uploads\/2026\/01\/verguetung-11-01-2026.pdf\">Verg\u00fctungss\u00e4tze&nbsp;<\/a><\/p>\n<h3>26.04.2020<\/h3>\n<p><span style=\"color: #ff0000;\"><a style=\"color: #ff0000;\" href=\"https:\/\/www.ich-bin-zukunft.de\/wp-content\/uploads\/2020\/03\/IBZ-Leitfaden_Balkon-PV-Online.pdf\">Leitfaden f\u00fcr Mikro-Pv-Anlagen<\/a><a style=\"color: #ff0000;\" href=\"https:\/\/www.ich-bin-zukunft.de\/wp-content\/uploads\/2020\/03\/IBZ-Leitfaden_Balkon-PV-Online.pdf\"> (Smart Grids-Plattform Baden-W\u00fcrttemberg e.V. )<\/a><\/span><\/p>\n<p><a href=\"https:\/\/www.marktstammdatenregister.de\/MaStR\"><span style=\"color: #ff0000;\">Anmeldung Marktstammdatenregister<\/span><\/a><\/p>\n<p><span style=\"color: #ff0000;\"><a style=\"color: #ff0000;\" href=\"https:\/\/www.osthessennetz.de\/sites\/default\/files\/downloads\/2019-12-16_anmeldung_steckerfertige_eza_balkon-pv_on.pdf\">Anmeldeformblatt einer Mikro-Anlage bei Osthessennetz<\/a><\/span><\/p>\n<p>&nbsp;<\/p>\n<h3><strong>20.11.2018<\/strong><\/h3>\n<p><a href=\"http:\/\/solarverein-petersberg-marbach.de\/wp-content\/uploads\/2018\/11\/solar-info-11-2018.pdf\"><span style=\"color: #ff0000;\">solar-info-11-2018<\/span><\/a><\/p>\n<p><a href=\"https:\/\/www.strom-magazin.de\/info\/strom-cloud\/\"><span style=\"color: #ff0000;\">Link zur Info \u00fcber Strom-Cloud<\/span><\/a><\/p>\n<h3>&nbsp;<\/h3>\n<h3><strong>01.11.2017<\/strong><\/h3>\n<p><span style=\"color: #ff0000;\"><strong><a href=\"http:\/\/solarverein-petersberg-marbach.de\/wp-content\/uploads\/2017\/11\/Solarverein-Petersberg-Neubau.pdf\"><span style=\"color: #ff0000;\">Einladung zur Info Veranstaltung (Photovoltaik und W\u00e4rmepumpen) am 06.11.<\/span><\/a><\/strong><\/span><\/p>\n<p>&nbsp;<\/p>\n<h3><strong>15.05.2017<\/strong><\/h3>\n<p><span style=\"color: #ff0000;\"><strong><a href=\"http:\/\/solarverein-petersberg-marbach.de\/wp-content\/uploads\/2017\/05\/der-solarverein-marbach-informiert.pdf\"><span style=\"color: #ff0000;\">Eigenversorgungsbeispiel in Marbach<\/span><\/a><\/strong><\/span><\/p>\n<p>&nbsp;<\/p>\n<h3><strong>03.08.2016<\/strong><\/h3>\n<p><strong><span style=\"color: #ff0000;\"><a style=\"color: #ff0000;\" href=\"http:\/\/solarverein-petersberg-marbach.de\/wp-content\/uploads\/2016\/08\/batteriespeicherloesung.pdf\">Beispiel einer Marbacher Anlage mit einer Batterie-und Ersatzstrom<\/a><\/span><\/strong><\/p>\n<p>&nbsp;<\/p>\n<h3><strong>01.03.2016<\/strong><\/h3>\n<p><strong><span style=\"color: #ff0000;\"><a style=\"color: #ff0000;\" href=\"http:\/\/solarverein-petersberg-marbach.de\/wp-content\/uploads\/2016\/03\/29-mitgliederinfo-01-03-2016.pdf\">Mitgliederinfo &#8211; Speicherf\u00f6rderung<\/a><\/span><\/strong><\/p>\n<p>&nbsp;<\/p>\n<h3><strong>19.12.2015<\/strong><\/h3>\n<p><strong><span style=\"color: #ff0000;\"><a style=\"color: #ff0000;\" href=\"http:\/\/solarverein-petersberg-marbach.de\/wp-content\/uploads\/2016\/01\/einladung-mitgliederversammlung-01-2016.pdf\">Einladung Jahreshauptversammlung<\/a><\/span><\/strong><\/p>\n<p>&nbsp;<\/p>\n<h3><span style=\"color: #000000;\"><strong>05.11.2015<\/strong><\/span><\/h3>\n<p><strong><span style=\"color: #ff0000;\"><a style=\"color: #ff0000;\" href=\"http:\/\/www.finanzamt.bayern.de\/Informationen\/Steuerinfos\/Weitere_Themen\/Photovoltaikanlagen\/Hilfe_fuer_Photovoltaikanlagen_2015.pdf\">Steuerliche Hilfen<\/a><\/span><\/strong><\/p>\n<p>&nbsp;<\/p>\n<h3><span style=\"color: #000000;\"><strong>06.04.2015<\/strong><\/span><\/h3>\n<p><strong><span style=\"color: #ff0000;\"><a style=\"color: #ff0000;\" href=\"http:\/\/solarverein-petersberg-marbach.de\/wp-content\/uploads\/2015\/04\/28-mitgliederinfo-02-04-2015.pdf\">Mitgliederinfo &#8211; Aktuelle PV &#8211; Verg\u00fctungss\u00e4tze<\/a><\/span><\/strong><\/p>\n<p>&nbsp;<\/p>\n<h3><strong>04.03.2015<\/strong><\/h3>\n<p><strong><a href=\"http:\/\/solarverein-petersberg-marbach.de\/wp-content\/uploads\/2015\/03\/27-mitgliederinfo-02-03-2015.pdf\"><span style=\"color: #ff0000;\">Mitgliederinfo &#8211; Regionale Stromerzeugung<\/span> <\/a><\/strong><\/p>\n<p>&nbsp;<\/p>\n<h3><strong>10.12.2014<\/strong><\/h3>\n<p><strong><a href=\"http:\/\/solarverein-petersberg-marbach.de\/wp-content\/uploads\/2014\/12\/26-mitgliederinfo-10-12-2014.pdf\"><span style=\"color: #ff0000;\">Mitgliederinfo &#8211; Photovoltaikausbau kommt fast zum Erliegen<\/span><\/a><\/strong><\/p>\n<p>&nbsp;<\/p>\n<h3><strong>05.11.2014<\/strong><\/h3>\n<p><a href=\"http:\/\/solarverein-petersberg-marbach.de\/wp-content\/uploads\/2014\/11\/25-mitgliederinfo-04-11-20141.pdf\"><strong><span style=\"color: #ff0000;\">Mitgliederinfo &#8211; Meeresspiegel steigt weiter<\/span><\/strong><\/a><\/p>\n<h3>&nbsp;<\/h3>\n<p>&nbsp;<\/p>\n<h3><strong>03.10.2014<\/strong><\/h3>\n<p><strong><span style=\"color: #ff0000;\"><a style=\"color: #ff0000;\" href=\"http:\/\/solarverein-petersberg-marbach.de\/wp-content\/uploads\/2014\/10\/verguetung-10-2014.pdf\">Aktuelle Verg\u00fctungss\u00e4tze f\u00fcr PV Anlagen<\/a><\/span><\/strong><\/p>\n<p>&nbsp;<\/p>\n<h3><strong>05.09.1014<\/strong><\/h3>\n<h3><span style=\"color: #ff0000;\"><strong><a style=\"color: #ff0000;\" href=\"http:\/\/solarverein-petersberg-marbach.de\/wp-content\/uploads\/2014\/09\/einladung-infoveranstaltung-19-09-2014.pdf\">Einladung Infoveranstaltung-19-09-2014<\/a><\/strong><\/span><\/h3>\n<p>&nbsp;<\/p>\n<h3><strong>02.08.2014<\/strong><\/h3>\n<p><a href=\"http:\/\/solarverein-petersberg-marbach.de\/wp-content\/uploads\/2014\/08\/24-mitgliederinfo-01-08-2014.pdf\"><strong><span style=\"color: #ff0000;\"><span style=\"color: #ff0000;\">Mitgliederinfo &#8211; PV Anlagen &#8211; Reingung<\/span><\/span><\/strong><\/a><\/p>\n<p>&nbsp;<\/p>\n<h3><strong>02.07.2014<\/strong><\/h3>\n<p><strong><span style=\"color: #ff0000;\"><a href=\"http:\/\/solarverein-petersberg-marbach.de\/wp-content\/uploads\/2014\/07\/23-mitgliederinfo-01-07-2014.pdf\"><span style=\"color: #ff0000;\">Mitgliederinfo &#8211; Neues EEG im Bundestag verabschiedet<\/span><\/a><\/span><\/strong><\/p>\n<p>&nbsp;<\/p>\n<h3><strong>03.05.2014<\/strong><\/h3>\n<p><strong><span style=\"color: #ff0000;\"><a href=\"http:\/\/solarverein-petersberg-marbach.de\/wp-content\/uploads\/2014\/05\/22-mitgliederinfo-01-05-2014.pdf\"><span style=\"color: #ff0000;\">Mitgliederinfo &#8211; Fliedener Solarpark am Netz<\/span><\/a><\/span><\/strong><\/p>\n<p>&nbsp;<\/p>\n<h3><strong>06.04.2014<\/strong><\/h3>\n<p><strong><span style=\"color: #ff0000;\"><a href=\"http:\/\/solarverein-petersberg-marbach.de\/wp-content\/uploads\/2014\/04\/21-mitgliederinfo-04-04-2014.pdf\"><span style=\"color: #ff0000;\">Mitgliederinfo &#8211; Reinigung Photovoltaikanlage<\/span><\/a><\/span><\/strong><\/p>\n<p>&nbsp;<\/p>\n<h3><strong>03.03.2014<\/strong><\/h3>\n<p><strong><a href=\"http:\/\/solarverein-petersberg-marbach.de\/wp-content\/uploads\/2014\/03\/20-Mitgliederinfo-21-02-2014.pdf\"><span style=\"color: #ff0000;\">Mitgliederinfo &#8211; zwei weitere Anlagen<\/span><\/a><\/strong><\/p>\n<p>&nbsp;<\/p>\n<h3><strong>02.02.2014<\/strong><\/h3>\n<p><strong><a href=\"http:\/\/solarverein-petersberg-marbach.de\/wp-content\/uploads\/2014\/02\/Warmwasser-Waerrmepumpe.pdf\"><span style=\"color: #ff0000;\">Auswertung Warmwasserw\u00e4rmepumpe<\/span><\/a><\/strong><\/p>\n<p><a href=\"http:\/\/solarverein-petersberg-marbach.de\/wp-content\/uploads\/2014\/02\/photovoltaik-rechnung-oktober-2013.pdf\"><strong><span style=\"color: #ff0000;\">Wirtschaflichkeit einer Photovoltaikanlage<\/span><\/strong><\/a><\/p>\n<p><a href=\"http:\/\/solarverein-petersberg-marbach.de\/wp-content\/uploads\/2014\/02\/verguetung-02-2014.pdf\"><strong><span style=\"color: #ff0000;\">Neue Verg\u00fctungen ab 01.02.2014<\/span><\/strong><\/a><\/p>\n<p>&nbsp;<\/p>\n<h3><strong>01.01.2014<\/strong><\/h3>\n<p><strong><a href=\"http:\/\/solarverein-petersberg-marbach.de\/wp-content\/uploads\/2014\/01\/19-Mitgliederinfo-01-01-2014.pdf\"><span style=\"color: #ff0000;\">Mitgliederinfo &#8211; Solarzubau geht zur\u00fcck!<\/span><\/a><\/strong><\/p>\n<p><strong><span style=\"color: #ff0000;\"><a href=\"http:\/\/solarverein-petersberg-marbach.de\/wp-content\/uploads\/2014\/01\/mitgliederversammlung-2014.pdf\"><span style=\"color: #ff0000;\">Einladung Jahreshauptversammlung &#8211; 17.Januar 2014<\/span><\/a><\/span><\/strong><\/p>\n<p><strong><span style=\"color: #ff0000;\"><a href=\"http:\/\/solarverein-petersberg-marbach.de\/wp-content\/uploads\/2014\/01\/Ertrag-Beispiel-Anlage.pdf\"><span style=\"color: #ff0000;\">Beispielergebnisse einer Marbacher Anlage<\/span><\/a><\/span><\/strong><\/p>\n<h3>&nbsp;<\/h3>\n<p>&nbsp;<\/p>\n<h3><strong>01.11.2013<\/strong><\/h3>\n<p><a href=\"http:\/\/solarverein-petersberg-marbach.de\/wp-content\/uploads\/2013\/11\/18-Mitgliederinfo-01-11-2013.pdf\"><strong><span style=\"color: #ff0000;\"><span style=\"color: #ff0000;\">Mitgliederinfo &#8211; Neue Verg\u00fctungss\u00e4tze ab November 2013<\/span><\/span><\/strong><\/a><\/p>\n<p><strong><span style=\"color: #ff0000;\"><a href=\"http:\/\/www.ise.fraunhofer.de\/de\/daten-zu-erneuerbaren-energien\/daten-und-fakten-zur-photovoltaik\"><span style=\"color: #ff0000;\">Frauenhofer institut &#8211; Aktuelle Fakten zur Photovoltaik in Deutschland <\/span><\/a><\/span><\/strong><\/p>\n<p>&nbsp;<\/p>\n<h3><strong>02.10.2013<\/strong><\/h3>\n<p><strong><span style=\"color: #ff0000;\"><a href=\"http:\/\/solarverein-petersberg-marbach.de\/wp-content\/uploads\/2013\/10\/17-Mitgliederinfo-01-10-2013.pdf\"><span style=\"color: #ff0000;\">Mitgliederinfo Speichervortrag<\/span><\/a><\/span><\/strong><\/p>\n<p>&nbsp;<\/p>\n<h3><strong>08.09.2013<\/strong><\/h3>\n<h1>Einladung: 18.09.2013<\/h1>\n<p><strong><span style=\"color: #ff0000;\"><a href=\"http:\/\/solarverein-petersberg-marbach.de\/wp-content\/uploads\/2013\/09\/einladung-18-09-2013.pdf\"><span style=\"color: #ff0000;\">Infoveranstaltung \u00fcber den Solarpark Flieden<\/span><\/a><\/span><\/strong><\/p>\n<h3>&nbsp;<\/h3>\n<p>&nbsp;<\/p>\n<h3><strong>05.09.2013<\/strong><\/h3>\n<h3><span style=\"color: #ff0000;\"><a href=\"http:\/\/solarverein-petersberg-marbach.de\/wp-content\/uploads\/2013\/09\/15-Mitgliederinfo-09-2013.pdf\"><span style=\"color: #ff0000;\">Mitgliederinfo Steuer<\/span><\/a><\/span><\/h3>\n<h3><a href=\"http:\/\/solarverein-petersberg-marbach.de\/wp-content\/uploads\/2013\/09\/16-Mitgliederinfo-09-2013.pdf\"><span style=\"color: #ff0000;\">Mitgliederinfo Anlagen ohne EEG<\/span><\/a><\/h3>\n<p><span style=\"color: #008000;\"><strong>Termine:<\/strong><\/span><\/p>\n<h1>Infoveranstaltung am 27. September<\/h1>\n<h1>um 19.00 im Landgasthosf Hahner in Marbach<\/h1>\n<h1>Thema: Photovoltikspeicher<\/h1>\n<h1>Technischer Stand, Wirtschaftlichkeit, F\u00f6derprogramme<\/h1>\n<p>&nbsp;<\/p>\n<h3>&nbsp;<\/h3>\n<h3><strong>04.08.2013<\/strong><\/h3>\n<h1><strong><span style=\"color: #000000;\">Photovotaikverg\u00fctung f\u00fcr August bis Okober 2013 <\/span><\/strong><\/h1>\n<h1><strong><span style=\"color: #000000;\">Erste Anlagen ohne EEG.<\/span><\/strong><\/h1>\n<p><strong><span style=\"color: #ff0000;\"><a href=\"http:\/\/solarverein-petersberg-marbach.de\/wp-content\/uploads\/2013\/08\/14-Mitgliederinfo-08-2013.pdf\"><span style=\"color: #ff0000;\">Mitgliederinfo August 2013<br \/>\n<\/span><\/a><\/span><\/strong><\/p>\n<p><strong><span style=\"color: #ff0000;\"><a href=\"http:\/\/www.sfv.de\/lokal\/mails\/sj\/verguetu.htm\"><span style=\"color: #ff0000;\">&nbsp;Photovoltaikverg\u00fctungen<\/span><\/a><\/span><\/strong><\/p>\n<p>&nbsp;<\/p>\n<p><strong>&nbsp;04.06.2013<\/strong><\/p>\n<p><strong><span style=\"color: #ff0000;\"><a href=\"http:\/\/solarverein-petersberg-marbach.de\/wp-content\/uploads\/2013\/08\/13-Mitgliederinfo-06-2013.pdf\"><span style=\"color: #ff0000;\">Mitgliederinfo Juni 2013<\/span><\/a><\/span><\/strong><\/p>\n<p>&nbsp;<\/p>\n<h3><strong>04.05.2013<\/strong><\/h3>\n<p><a href=\"http:\/\/solarverein-petersberg-marbach.de\/wp-content\/uploads\/2013\/05\/12-Mitgliederinfo-05-2013.pdf\"><strong><span style=\"color: #ff0000;\">Mitgliederinfo Mai 2013 zur Speicherf\u00f6rderung<\/span><\/strong><\/a><\/p>\n<p>&nbsp;<\/p>\n<h3><strong>04.05.2013<\/strong><\/h3>\n<h1><span style=\"color: #000000;\"><strong>Photovoltaikverg\u00fctung f\u00fcr Mai bis Juli 2013<\/strong><\/span><\/h1>\n<p><a href=\"http:\/\/www.sfv.de\/lokal\/mails\/sj\/verguetu.htm\"><strong><span style=\"color: #ff0000;\">Neue Verg\u00fctungss\u00e4tze festgelegt<\/span><\/strong><\/a><\/p>\n<p>&nbsp;<\/p>\n<h3><strong>03.05.2013<\/strong><\/h3>\n<h1><span style=\"color: #000000;\"><strong>Speicher werden gef\u00f6rdert<\/strong><\/span><\/h1>\n<h2><strong>Bis zu 30 Prozent Zuschuss<\/strong><\/h2>\n<p><span style=\"color: #ff0000;\"><strong><a href=\"http:\/\/www.solaranlagen-portal.com\/photovoltaik\/stromspeicher\/foerderung\"><span style=\"color: #ff0000;\">Ab 01.05.2013 Photovoltaikspeicher werden gef\u00f6rdert<\/span><\/a><\/strong><\/span><\/p>\n<p><strong><a href=\"http:\/\/solarverein-petersberg-marbach.de\/wp-content\/uploads\/2013\/05\/Speicherprogramm_Hintergrundpapier.pdf\"><span style=\"color: #ff0000;\">Informationsblatt zur F\u00f6rderung des BSW<\/span><\/a><\/strong><\/p>\n<p>&nbsp;<\/p>\n<p>&nbsp;<\/p>\n<h3><span style=\"color: #000000;\"><strong>02.05.2013<\/strong><\/span><\/h3>\n<h4><span style=\"text-decoration: underline; color: #000000;\"><strong>Keine Windr\u00e4der in den W\u00e4ldern um Marbach!&nbsp;<\/strong><\/span><\/h4>\n<h4><span style=\"color: #000000;\"><strong>Hier geht es zur Internetseite der B\u00fcrgerinitiative (BI) Marbach<\/strong><\/span><\/h4>\n<p><span style=\"color: #ff0000;\"><a href=\"http:\/\/marbach-gegen-windkraft.de\/\"><span style=\"color: #ff0000;\">http:\/\/marbach-gegen-windkraft.de\/<\/span><\/a><\/span><\/p>\n<p>&nbsp;<\/p>\n<p>&nbsp;<\/p>\n<h3><strong>08.03.2013<\/strong><\/h3>\n<p><a href=\"http:\/\/solarverein-petersberg-marbach.de\/wp-content\/uploads\/2013\/03\/solar2013-01.pdf\"><strong><span style=\"color: #ff0000;\"><span style=\"color: #ff0000;\">Flyer zur Photovoltaik<\/span><\/span><\/strong><\/a><\/p>\n<p><a href=\"http:\/\/solarverein-petersberg-marbach.de\/wp-content\/uploads\/2013\/03\/11-Mitgliederinfo-03-2013.pdf\"><strong><span style=\"color: #ff0000;\">Mitgliederinfo &#8211; Preise f\u00fcr Photovoltaik steigen erstmals!<\/span><\/strong><\/a><\/p>\n<p>&nbsp;<\/p>\n<h3>&nbsp;<\/h3>\n<h3><strong>03.02.2013<\/strong><\/h3>\n<p><strong><span style=\"color: #ff0000;\"><a href=\"http:\/\/solarverein-petersberg-marbach.de\/wp-content\/uploads\/2013\/02\/10-Mitgliederinfo-02-2013.pdf\"><span style=\"color: #ff0000;\">Mitgliederinfo &#8211; Solarentwicklung<\/span><\/a><\/span><\/strong><\/p>\n<h3>&nbsp;<\/h3>\n<p>&nbsp;<\/p>\n<h3><strong>06.01.2013<\/strong><\/h3>\n<h3><a href=\"http:\/\/solarverein-petersberg-marbach.de\/wp-content\/uploads\/2013\/01\/Einladung-Mitgliederversammlung-2013.pdf\"><span style=\"color: #ff0000;\"><span style=\"color: #ff0000;\">Einladung zur Mitgliederversammlung<\/span><\/span><\/a><\/h3>\n<p>&nbsp;<\/p>\n<h3><strong>01.12.2012<\/strong><\/h3>\n<h3><span style=\"color: #ff0000;\"><a href=\"http:\/\/solarverein-petersberg-marbach.de\/wp-content\/uploads\/2012\/12\/9-Mitgliederinfo-12-2012.pdf\"><span style=\"color: #ff0000;\">Mitgliederinfo zu Strompreiserh\u00f6hung<\/span><\/a><\/span><\/h3>\n<p>&nbsp;<\/p>\n<h3><strong>30.11.2012<\/strong><\/h3>\n<p><span style=\"color: #ff0000;\"><a href=\"http:\/\/www.taz.de\/!99319\/\"><span style=\"color: #ff0000;\">Solar gewinnt! <\/span><\/a><\/span><\/p>\n<p>&nbsp;<\/p>\n<h3><span style=\"text-decoration: underline;\"><strong>02.11.2012<\/strong><\/span><\/h3>\n<p><strong><a href=\"http:\/\/solarverein-petersberg-marbach.de\/wp-content\/uploads\/2012\/11\/8-Mitgliederinfo-11-2012.pdf\"><span style=\"color: #ff0000;\">Unser aktuelles Mitgliederinfo<\/span><\/a><\/strong><\/p>\n<p>&nbsp;<\/p>\n<p><span style=\"text-decoration: underline;\"><strong>25.10.2012<\/strong><\/span><\/p>\n<h3><a href=\"http:\/\/www.ise.fraunhofer.de\/de\/veroeffentlichungen\/veroeffentlichungen-pdf-dateien\/studien-und-konzeptpapiere\/aktuelle-fakten-zur-photovoltaik-in-deutschland.pdf\"><strong><span style=\"color: #ff0000;\">Aktuelle Entwicklung der Photovoltaik (Frauenhofer Institut)<\/span><\/strong><\/a><\/h3>\n<p>__________________________________________________________________<\/p>\n<p><span style=\"text-decoration: underline;\"><strong>22.10.2012<\/strong><\/span><\/p>\n<h3><span style=\"color: #ff0000;\"><a href=\"http:\/\/www.sfv.de\/artikel\/beurteilung_der_energiepolitischen_lage_durch_den_sfv.htm\" target=\"_blank\" rel=\"noopener noreferrer\"><span style=\"color: #ff0000;\">Beurteilung der energiepolitischen Lage durch den SFV<\/span><\/a><\/span><\/h3>\n<p>__________________________________________________________________<\/p>\n<p><span style=\"text-decoration: underline; color: #000000;\"><strong>30.07.2012<\/strong><\/span><\/p>\n<h3><span style=\"color: #ff0000;\"><a href=\"http:\/\/www.solarportal24.de\/nachrichten_52628_erneuerbare_energien_liefern_mehr_als_ein_viertel_des_stroms.html\"><span style=\"color: #ff0000;\">Erneuerbare<\/span><\/a><a href=\"http:\/\/www.solarportal24.de\/nachrichten_52628_erneuerbare_energien_liefern_mehr_als_ein_viertel_des_stroms.html\"><span style=\"color: #ff0000;\"> Ene<\/span><\/a><a href=\"http:\/\/www.solarportal24.de\/nachrichten_52628_erneuerbare_energien_liefern_mehr_als_ein_viertel_des_stroms.html\"><span style=\"color: #ff0000;\">rgien liefern mehr als ein Viertel des Stroms<\/span><\/a><\/span><\/h3>\n<p>__________________________________________________________________<\/p>\n<p><span style=\"text-decoration: underline;\"><strong>24.07.2012<\/strong><\/span><\/p>\n<h2><strong><span style=\"color: #ff0000;\">Gemeinsam gegen Fernleitungsstromtrassen<\/span><\/strong><\/h2>\n<p><span style=\"color: #ff0000;\"><a href=\"http:\/\/www.sfv.de\/artikel\/offner_brief_an_den_bund_-_gemeinsam_gegen_fernleitungs-stromtrassen.htm\"><span style=\"color: #ff0000;\">Offener Brief an den BUND<\/span><\/a><\/span><\/p>\n<p>__________________________________________________________________<\/p>\n<p><span style=\"text-decoration: underline; color: #000000;\"><strong>05.07.2012<\/strong><\/span><\/p>\n<h1><span style=\"color: #ff0000;\">Photovoltaik rechnet sich!<\/span><\/h1>\n<p><span style=\"color: #ff0000;\"><a href=\"http:\/\/solarverein-petersberg-marbach.de\/wp-content\/uploads\/2012\/07\/Solarinfo-Juli-2012.pdf\" target=\"_blank\" rel=\"noopener noreferrer\"><span style=\"color: #ff0000;\">Hier unser aktuelles Info.<\/span><\/a><\/span><\/p>\n<p>__________________________________________________________________<\/p>\n<p><span style=\"text-decoration: underline;\"><strong>03.07.2012<\/strong><\/span><\/p>\n<h2><span style=\"color: #ff0000;\"><a title=\"Solarstromspeicher\" href=\"http:\/\/solarverein-petersberg-marbach.de\/solarspeicher\/\"><span style=\"color: #ff0000;\">Aktuelles zu Stromspeichern<\/span><\/a><\/span><\/h2>\n<p>___________________________________________________________________<\/p>\n<p><span style=\"text-decoration: underline;\"><strong>28.06.2012<\/strong><\/span><\/p>\n<h1><span style=\"color: #ff0000;\">Photovoltaik: Einigung im Vermittlungsausschuss<\/span><\/h1>\n<p>Neuregelungen sollen r\u00fcckwirkend zum 1. April 2012 in Kraft treten.<\/p>\n<p>N\u00e4heres hierzu klicke diesen Link an:<\/p>\n<p><a title=\"Einigung im Vermittlungsausschuss\" href=\"http:\/\/www.sfv.de\/artikel\/photovoltaik_einigung_im_vermittlungsausschuss.htm\" target=\"_blank\" rel=\"noopener noreferrer\">http:\/\/www.sfv.de\/artikel\/photovoltaik_einigung_im_vermittlungsausschuss.htm<\/a><\/p>\n","protected":false},"excerpt":{"rendered":"<p>11.01.2026 Verg\u00fctungss\u00e4tze&nbsp; 26.04.2020 Leitfaden f\u00fcr Mikro-Pv-Anlagen (Smart Grids-Plattform Baden-W\u00fcrttemberg e.V. ) Anmeldung Marktstammdatenregister Anmeldeformblatt einer Mikro-Anlage bei Osthessennetz &nbsp; 20.11.2018 solar-info-11-2018 Link zur Info \u00fcber Strom-Cloud &nbsp; 01.11.2017 Einladung zur Info Veranstaltung (Photovoltaik und W\u00e4rmepumpen) am 06.11. &nbsp; 15.05.2017 Eigenversorgungsbeispiel in Marbach &nbsp; 03.08.2016 Beispiel einer Marbacher Anlage mit einer Batterie-und Ersatzstrom &nbsp; 01.03.2016 Mitgliederinfo [&hellip;]<\/p>\n","protected":false},"author":2,"featured_media":0,"parent":0,"menu_order":0,"comment_status":"closed","ping_status":"closed","template":"","meta":{"ngg_post_thumbnail":0,"footnotes":""},"class_list":["post-71","page","type-page","status-publish","hentry"],"_links":{"self":[{"href":"http:\/\/solarverein-petersberg-marbach.de\/index.php\/wp-json\/wp\/v2\/pages\/71","targetHints":{"allow":["GET"]}}],"collection":[{"href":"http:\/\/solarverein-petersberg-marbach.de\/index.php\/wp-json\/wp\/v2\/pages"}],"about":[{"href":"http:\/\/solarverein-petersberg-marbach.de\/index.php\/wp-json\/wp\/v2\/types\/page"}],"author":[{"embeddable":true,"href":"http:\/\/solarverein-petersberg-marbach.de\/index.php\/wp-json\/wp\/v2\/users\/2"}],"replies":[{"embeddable":true,"href":"http:\/\/solarverein-petersberg-marbach.de\/index.php\/wp-json\/wp\/v2\/comments?post=71"}],"version-history":[{"count":0,"href":"http:\/\/solarverein-petersberg-marbach.de\/index.php\/wp-json\/wp\/v2\/pages\/71\/revisions"}],"wp:attachment":[{"href":"http:\/\/solarverein-petersberg-marbach.de\/index.php\/wp-json\/wp\/v2\/media?parent=71"}],"curies":[{"name":"wp","href":"https:\/\/api.w.org\/{rel}","templated":true}]}}